{"id":1754,"date":"2019-05-16T07:37:49","date_gmt":"2019-05-16T07:37:49","guid":{"rendered":"http:\/\/2019handball.unss35.org\/?page_id=1754"},"modified":"2019-06-01T07:17:22","modified_gmt":"2019-06-01T07:17:22","slug":"informations-generales","status":"publish","type":"page","link":"https:\/\/2019handball.unss35.org\/?page_id=1754","title":{"rendered":"Informations g\u00e9n\u00e9rales"},"content":{"rendered":"\n<p style=\"font-size:0;text-align:justify\"><strong>Engagements&nbsp;:\n<\/strong>Le d\u00e9p\u00f4t de la feuille de\ncomposition d&rsquo;\u00e9quipe est un acte d\u00e9finitif. Aucune modification ne sera\naccept\u00e9e apr\u00e8s v\u00e9rification \u00e0 l&rsquo;accueil.<\/p>\n\n\n\n<p style=\"text-align:justify\"><strong>Licences<\/strong>&nbsp;: Chaque participant (joueur, jeune coach et jeune officiel) doit \u00eatre en possession de sa licence UNSS d\u00fbment enregistr\u00e9e pour l&rsquo;ann\u00e9e 2018 \/ 2019. Elles seront v\u00e9rifi\u00e9es \u00e0 l&rsquo;arriv\u00e9e <span style=\"text-decoration: underline;\">et<\/span> pendant la comp\u00e9tition avant chaque match. En cas de non pr\u00e9sentation ou de licence non valable, les d\u00e9cisions appropri\u00e9es seront appliqu\u00e9es, au regard du r\u00e8glement U.N.S.S.<\/p>\n\n\n\n<p style=\"text-align:justify\"><strong>Responsabilit\u00e9&nbsp;: <\/strong>Il est important que les accompagnateurs\nassurent totalement et en tous lieux le r\u00f4le d&rsquo;\u00e9ducateur qui est le leur. La\nconsommation d&rsquo;alcool, de tabac et de tout autre produit illicite est\nd&rsquo;\u00e9vidence interdite. Les organisateurs d\u00e9gagent toute responsabilit\u00e9 en ce qui\nconcerne les vols ou les d\u00e9gradations des affaires personnelles des \u00e9l\u00e8ves ou\nde leurs accompagnateurs. Ne laissez pas tra\u00eener vos sacs de sport, ne laissez\npas d&rsquo;objets de valeur dans les chambres ou les vestiaires.<strong><\/strong><\/p>\n\n\n\n<p style=\"text-align:justify\">&nbsp;&nbsp;&nbsp;&nbsp;&nbsp;&nbsp;&nbsp;&nbsp;&nbsp;&nbsp;&nbsp;&nbsp;&nbsp;&nbsp;&nbsp; Un ch\u00e8que de caution de 500 euros sera demand\u00e9 pour les \u00e9ventuelles d\u00e9gradations constat\u00e9es dans les h\u00e9bergements et autres sites d\u2019accueil. Il sera d\u00e9truit \u00e0 l\u2019issue de l\u2019\u00e9tat des lieux le vendredi.<\/p>\n\n\n\n<p style=\"text-align:justify\">&nbsp;&nbsp;&nbsp;&nbsp;&nbsp;&nbsp;&nbsp;&nbsp;&nbsp;&nbsp;&nbsp;&nbsp;&nbsp;&nbsp;&nbsp; Le\nchampionnat de France commence \u00e0 l\u2019accueil et se termine \u00e0 l\u2019issue du palmar\u00e8s.\nLa pr\u00e9sence de l\u2019AS est obligatoire sur toute cette dur\u00e9e. Toute association\nsportive qui ne respectera pas ces dispositions (arriv\u00e9e tardive ou d\u00e9part\npr\u00e9matur\u00e9 par exemple) se verra non class\u00e9e, et interdite de participation\nl\u2019ann\u00e9e prochaine.<\/p>\n\n\n\n<p style=\"text-align:justify\">&nbsp;&nbsp;&nbsp;&nbsp;&nbsp;&nbsp;&nbsp;&nbsp;&nbsp;&nbsp;&nbsp;&nbsp;&nbsp;&nbsp;&nbsp; Dans le cadre de VIGIPIRATE, nous faisons appel \u00e0 la vigilance de tous pour nous signaler toute anomalie ou \u00e9v\u00e8nement suspect.<\/p>\n\n\n\n<p style=\"text-align:justify\"><strong>Transport&nbsp;:<\/strong> Des navettes sont pr\u00e9vues pour les\nd\u00e9l\u00e9gations \u00e9tant arriv\u00e9es en train et en avion entre les h\u00f4tels, les gymnases,\nla gare et l\u2019a\u00e9roport de Rennes (suivant modalit\u00e9s pr\u00e9cis\u00e9es dans la\nconvocation des \u00e9quipes).<\/p>\n\n\n\n<p style=\"text-align:justify\"><strong>H\u00e9bergement&nbsp;:\n<\/strong>Les logements sont des\nlieux de repos. Sans occulter la convivialit\u00e9 d&rsquo;un tel rassemblement, il est\ntr\u00e8s important que les nuits soient calmes pour r\u00e9cup\u00e9rer des fatigues que\ng\u00e9n\u00e8re le niveau de comp\u00e9tition d&rsquo;un Championnat de France. Le bruit et les\nperturbations ne seront pas tol\u00e9r\u00e9s apr\u00e8s vingt deux heures dans les h\u00f4tels.<strong> <\/strong>Les chambres propres devront \u00eatre lib\u00e9r\u00e9es\nle vendredi matin. La surveillance des comp\u00e9titeurs reste sous la\nresponsabilit\u00e9 des accompagnateurs \u00e0 tout moment.<\/p>\n\n\n\n<p><strong>Secr\u00e9tariat \/ Affichage \/ Parking : Palais des sports<\/strong><\/p>\n\n\n\n<p><strong>Restauration\u00a0<\/strong>: <\/p>\n\n\n\n<ul class=\"wp-block-list\"><li>Le petit d\u00e9jeuner est pris sur le site de comp\u00e9tition , Salle de Gripp\u00e9<\/li><li>Midi\u00a0: Lyc\u00e9e S\u00e9vign\u00e9 (11h30-13h45, deux services d\u00e9finis par les heures de matches des \u00e9quipes). Voir sur affichage<\/li><li>Soir\u00a0: Salle de Gripp\u00e9 (19h00-20h00). <\/li><\/ul>\n\n\n\n<p><strong>R\u00e9unions techniques\net des jeunes officiels<\/strong><strong>&nbsp;: <\/strong><\/p>\n\n\n\n<p><strong>18 h 30 au Palais des sports (lieu d&rsquo;accueil).<\/strong> Voir affichage \u00e0 l\u2019accueil pour confirmation.<\/p>\n\n\n\n<p><strong>Sant\u00e9&nbsp;<\/strong><strong>: <\/strong>en cas de probl\u00e8me d\u2019ordre m\u00e9dical&nbsp;:<\/p>\n\n\n\n<p><strong>Pompiers : 18<\/strong><\/p>\n\n\n\n<p><strong>SOS M\u00e9decins :<\/strong> 36 24 ou 08 26 46 35 35<\/p>\n\n\n\n<p><strong>Samu :<\/strong> 15<\/p>\n\n\n\n<p><strong>Num\u00e9ro d&rsquo;urgence europ\u00e9en :<\/strong> 112<\/p>\n\n\n\n<p><strong>Pharmaciens :<\/strong> 32 37<\/p>\n\n\n\n<p style=\"text-align:justify\"><strong>Droit \u00e0 l\u2019image&nbsp;: <\/strong>Si un reportage est r\u00e9alis\u00e9, vous vous\nengagez \u00e0 accepter la publication des photos vous concernant. Dans le cas\ncontraire il vous revient la responsabilit\u00e9 de pr\u00e9venir l\u2019organisateur.<strong><\/strong><\/p>\n","protected":false},"excerpt":{"rendered":"<p>Engagements&nbsp;: Le d\u00e9p\u00f4t de la feuille de composition d&rsquo;\u00e9quipe est un acte d\u00e9finitif. Aucune modification ne sera accept\u00e9e apr\u00e8s v\u00e9rification \u00e0 l&rsquo;accueil. Licences&nbsp;: Chaque participant (joueur, jeune coach et jeune officiel) doit \u00eatre en possession[&#8230;]<\/p>\n","protected":false},"author":3,"featured_media":0,"parent":0,"menu_order":0,"comment_status":"closed","ping_status":"closed","template":"","meta":{"footnotes":""},"class_list":["post-1754","page","type-page","status-publish","hentry"],"_links":{"self":[{"href":"https:\/\/2019handball.unss35.org\/index.php?rest_route=\/wp\/v2\/pages\/1754","targetHints":{"allow":["GET"]}}],"collection":[{"href":"https:\/\/2019handball.unss35.org\/index.php?rest_route=\/wp\/v2\/pages"}],"about":[{"href":"https:\/\/2019handball.unss35.org\/index.php?rest_route=\/wp\/v2\/types\/page"}],"author":[{"embeddable":true,"href":"https:\/\/2019handball.unss35.org\/index.php?rest_route=\/wp\/v2\/users\/3"}],"replies":[{"embeddable":true,"href":"https:\/\/2019handball.unss35.org\/index.php?rest_route=%2Fwp%2Fv2%2Fcomments&post=1754"}],"version-history":[{"count":8,"href":"https:\/\/2019handball.unss35.org\/index.php?rest_route=\/wp\/v2\/pages\/1754\/revisions"}],"predecessor-version":[{"id":1856,"href":"https:\/\/2019handball.unss35.org\/index.php?rest_route=\/wp\/v2\/pages\/1754\/revisions\/1856"}],"wp:attachment":[{"href":"https:\/\/2019handball.unss35.org\/index.php?rest_route=%2Fwp%2Fv2%2Fmedia&parent=1754"}],"curies":[{"name":"wp","href":"https:\/\/api.w.org\/{rel}","templated":true}]}}